{"id":41,"date":"2022-07-06T14:18:12","date_gmt":"2022-07-06T17:18:12","guid":{"rendered":"https:\/\/xamaannaxara.com.br\/curso\/?page_id=41"},"modified":"2024-06-25T15:12:13","modified_gmt":"2024-06-25T18:12:13","slug":"brasil","status":"publish","type":"page","link":"https:\/\/xamaannaxara.com.br\/curso\/brasil\/","title":{"rendered":"brasil"},"content":{"rendered":"<p>[et_pb_section fb_built=&#8221;1&#8243; admin_label=&#8221;Hero Section&#8221; _builder_version=&#8221;4.17.4&#8243; _module_preset=&#8221;default&#8221; use_background_color_gradient=&#8221;on&#8221; background_color_gradient_direction=&#8221;1deg&#8221; background_color_gradient_stops=&#8221;#f7f0e8 10%|rgba(0,0,0,0) 100%&#8221; background_color_gradient_overlays_image=&#8221;on&#8221; background_color_gradient_start=&#8221;#000000&#8243; background_color_gradient_end=&#8221;rgba(0,0,0,0)&#8221; background_image=&#8221;https:\/\/xamaannaxara.com.br\/curso\/wp-content\/uploads\/2022\/07\/foto-anna-sobre.png&#8221; background_position=&#8221;bottom_center&#8221; custom_padding=&#8221;2.6%||1.6%|||&#8221; locked=&#8221;off&#8221; global_colors_info=&#8221;{}&#8221;][et_pb_row admin_label=&#8221;Hero Area&#8221; _builder_version=&#8221;4.16&#8243; _module_preset=&#8221;default&#8221; custom_padding=&#8221;0px|||||&#8221; global_colors_info=&#8221;{}&#8221;][et_pb_column type=&#8221;4_4&#8243; _builder_version=&#8221;4.16&#8243; _module_preset=&#8221;default&#8221; custom_padding=&#8221;|||&#8221; global_colors_info=&#8221;{}&#8221; custom_padding__hover=&#8221;|||&#8221;][et_pb_image src=&#8221;https:\/\/xamaannaxara.com.br\/curso\/wp-content\/uploads\/2022\/07\/LOGO-GRANDE.png&#8221; title_text=&#8221;LOGO-GRANDE&#8221; align=&#8221;center&#8221; _builder_version=&#8221;4.17.4&#8243; _module_preset=&#8221;default&#8221; width=&#8221;40%&#8221; width_tablet=&#8221;40%&#8221; width_phone=&#8221;40%&#8221; width_last_edited=&#8221;on|phone&#8221; custom_margin=&#8221;||39px|||&#8221; global_colors_info=&#8221;{}&#8221;][\/et_pb_image][\/et_pb_column][\/et_pb_row][et_pb_row _builder_version=&#8221;4.16&#8243; _module_preset=&#8221;default&#8221; custom_margin=&#8221;|||&#8221; custom_padding=&#8221;8px||3px|||&#8221; locked=&#8221;off&#8221; global_colors_info=&#8221;{}&#8221;][et_pb_column type=&#8221;4_4&#8243; _builder_version=&#8221;4.16&#8243; _module_preset=&#8221;default&#8221; custom_padding=&#8221;|||&#8221; global_colors_info=&#8221;{}&#8221; custom_padding__hover=&#8221;|||&#8221;][et_pb_text admin_label=&#8221;Title&#8221; _builder_version=&#8221;4.17.4&#8243; _module_preset=&#8221;default&#8221; text_font=&#8221;||||||||&#8221; header_font=&#8221;||||||||&#8221; header_2_font=&#8221;Poppins|600|||||||&#8221; header_2_text_align=&#8221;center&#8221; header_2_font_size=&#8221;36px&#8221; custom_margin=&#8221;||0px|&#8221; animation_style=&#8221;fade&#8221; global_colors_info=&#8221;{}&#8221;]<\/p>\n<h2><span>Curso Forma\u00e7\u00e3o em Transmuta\u00e7\u00e3o do Carma<\/span><\/h2>\n<p>[\/et_pb_text][et_pb_divider color=&#8221;#fdb467&#8243; divider_position=&#8221;center&#8221; divider_weight=&#8221;3px&#8221; _builder_version=&#8221;4.16&#8243; _module_preset=&#8221;default&#8221; max_width=&#8221;50px&#8221; module_alignment=&#8221;center&#8221; animation_style=&#8221;slide&#8221; animation_direction=&#8221;top&#8221; animation_intensity_slide=&#8221;10%&#8221; animation_starting_opacity=&#8221;100%&#8221; global_colors_info=&#8221;{}&#8221;][\/et_pb_divider][\/et_pb_column][\/et_pb_row][et_pb_row _builder_version=&#8221;4.17.4&#8243; _module_preset=&#8221;default&#8221; global_colors_info=&#8221;{}&#8221;][et_pb_column type=&#8221;4_4&#8243; _builder_version=&#8221;4.17.4&#8243; _module_preset=&#8221;default&#8221; global_colors_info=&#8221;{}&#8221;][et_pb_button button_url=&#8221;#cursos&#8221; button_text=&#8221;Clique aqui para adquirir o curso&#8221; button_alignment=&#8221;center&#8221; module_id=&#8221;curso&#8221; _builder_version=&#8221;4.17.4&#8243; _module_preset=&#8221;default&#8221; custom_button=&#8221;on&#8221; button_text_color=&#8221;#FFFFFF&#8221; button_bg_color=&#8221;#0f681d&#8221; button_border_radius=&#8221;25px&#8221; button_font=&#8221;|800|||||||&#8221; global_colors_info=&#8221;{}&#8221;][\/et_pb_button][\/et_pb_column][\/et_pb_row][\/et_pb_section][et_pb_section fb_built=&#8221;1&#8243; _builder_version=&#8221;4.17.4&#8243; _module_preset=&#8221;default&#8221; custom_padding=&#8221;29px||8px|||&#8221; global_colors_info=&#8221;{}&#8221;][et_pb_row _builder_version=&#8221;4.17.4&#8243; _module_preset=&#8221;default&#8221; custom_padding=&#8221;9px|||||&#8221; global_colors_info=&#8221;{}&#8221;][et_pb_column type=&#8221;4_4&#8243; _builder_version=&#8221;4.17.4&#8243; _module_preset=&#8221;default&#8221; global_colors_info=&#8221;{}&#8221;][et_pb_text _builder_version=&#8221;4.17.4&#8243; _module_preset=&#8221;default&#8221; global_colors_info=&#8221;{}&#8221;]<\/p>\n<h1 style=\"text-align: center;\"><span style=\"color: #000000;\">M\u00e9todo da Xam\u00e3 e Paj\u00e9 Anna Xara<\/span><\/h1>\n<p>[\/et_pb_text][et_pb_text _builder_version=&#8221;4.17.4&#8243; _module_preset=&#8221;default&#8221; custom_padding=&#8221;||3px|||&#8221; global_colors_info=&#8221;{}&#8221;]<\/p>\n<p style=\"text-align: left;\"><text class=\"_textbox_ysiwt_17\" direction=\"ltr\" height=\"8.110107421875\" lengthadjust=\"spacingAndGlyphs\" textlength=\"402.854522705078\" x=\"85.7721557617188\" y=\"-719.739990234375\" data-test=\"textbox\">Carma \u00e9 a lei de causa e efeito. Tudo aquilo que voc\u00ea faz, sente ou pensa voc\u00ea atrai <\/text><text class=\"_textbox_ysiwt_17\" direction=\"ltr\" height=\"8.110107421875\" lengthadjust=\"spacingAndGlyphs\" textlength=\"423.22191619873\" x=\"85.5187149047852\" y=\"-706.179992675781\" data-test=\"textbox\">para voc\u00ea mesmo. Aquilo que realizamos como obra no mundo retorna para n\u00f3s como <\/text><text class=\"_textbox_ysiwt_17\" direction=\"ltr\" height=\"8.110107421875\" lengthadjust=\"spacingAndGlyphs\" textlength=\"409.075271606445\" x=\"85.6915130615234\" y=\"-692.739990234375\" data-test=\"textbox\">destino, criando acontecimentos e o cen\u00e1rio de nossa vida futura. O Curso oferece a <\/text><text class=\"_textbox_ysiwt_17\" direction=\"ltr\" height=\"8.110107421875\" lengthadjust=\"spacingAndGlyphs\" textlength=\"33.7536010742188\" x=\"85.5532760620117\" y=\"-679.179992675781\" data-test=\"textbox\">an\u00e1lise <\/text><text class=\"_textbox_ysiwt_17\" direction=\"ltr\" height=\"8.110107421875\" lengthadjust=\"spacingAndGlyphs\" textlength=\"370.51781463623\" x=\"122.887519836426\" y=\"-679.179992675781\" data-test=\"textbox\">e mudan\u00e7a de uma transmuta\u00e7\u00e3o energ\u00e9tica no campo pessoal, desta vida e <\/text><text class=\"_textbox_ysiwt_17\" direction=\"ltr\" height=\"8.110107421875\" lengthadjust=\"spacingAndGlyphs\" textlength=\"404.455711364746\" x=\"85.2076797485352\" y=\"-665.739990234375\" data-test=\"textbox\">vidas passadas. Trabalhando v\u00edcios, fobias, compuls\u00f5es, apego, medo, acumula\u00e7\u00e3o, <\/text><text class=\"_textbox_ysiwt_17\" direction=\"ltr\" height=\"8.052490234375\" lengthadjust=\"spacingAndGlyphs\" textlength=\"192.69507598877\" x=\"85.5532760620117\" y=\"-652.299987792969\" data-test=\"textbox\">agressividade, o perd\u00e3o e a compaix\u00e3o.<\/text><span data-contrast=\"none\"><\/span><\/p>\n<p>[\/et_pb_text][\/et_pb_column][\/et_pb_row][et_pb_row _builder_version=&#8221;4.17.4&#8243; _module_preset=&#8221;default&#8221; custom_padding=&#8221;6px||6px|||&#8221; global_colors_info=&#8221;{}&#8221;][et_pb_column type=&#8221;4_4&#8243; _builder_version=&#8221;4.17.4&#8243; _module_preset=&#8221;default&#8221; global_colors_info=&#8221;{}&#8221;][et_pb_text _builder_version=&#8221;4.17.4&#8243; _module_preset=&#8221;default&#8221; header_font_size=&#8221;23px&#8221; custom_padding=&#8221;7px||4px|||&#8221; header_font_size_tablet=&#8221;&#8221; header_font_size_phone=&#8221;24px&#8221; header_font_size_last_edited=&#8221;on|phone&#8221; global_colors_info=&#8221;{}&#8221;]<\/p>\n<h1 style=\"text-align: center;\">Temas a serem trabalhados<\/h1>\n<p>[\/et_pb_text][\/et_pb_column][\/et_pb_row][et_pb_row column_structure=&#8221;1_3,1_3,1_3&#8243; _builder_version=&#8221;4.17.4&#8243; _module_preset=&#8221;default&#8221; global_colors_info=&#8221;{}&#8221;][et_pb_column type=&#8221;1_3&#8243; _builder_version=&#8221;4.17.4&#8243; _module_preset=&#8221;default&#8221; global_colors_info=&#8221;{}&#8221;][et_pb_blurb title=&#8221;Carma desta vida e de vidas passadas&#8221; use_icon=&#8221;on&#8221; font_icon=&#8221;&#x5a;||divi||400&#8243; icon_color=&#8221;#147728&#8243; icon_placement=&#8221;left&#8221; _builder_version=&#8221;4.17.4&#8243; _module_preset=&#8221;default&#8221; global_colors_info=&#8221;{}&#8221;][\/et_pb_blurb][\/et_pb_column][et_pb_column type=&#8221;1_3&#8243; _builder_version=&#8221;4.17.4&#8243; _module_preset=&#8221;default&#8221; global_colors_info=&#8221;{}&#8221;][et_pb_blurb title=&#8221;Carma pr\u00f3prio&#8221; use_icon=&#8221;on&#8221; font_icon=&#8221;&#x5a;||divi||400&#8243; icon_color=&#8221;#147728&#8243; icon_placement=&#8221;left&#8221; _builder_version=&#8221;4.17.4&#8243; _module_preset=&#8221;default&#8221; global_colors_info=&#8221;{}&#8221;][\/et_pb_blurb][\/et_pb_column][et_pb_column type=&#8221;1_3&#8243; _builder_version=&#8221;4.17.4&#8243; _module_preset=&#8221;default&#8221; global_colors_info=&#8221;{}&#8221;][et_pb_blurb title=&#8221;Carma com m\u00e3e e pai &#8221; use_icon=&#8221;on&#8221; font_icon=&#8221;&#x5a;||divi||400&#8243; icon_color=&#8221;#147728&#8243; icon_placement=&#8221;left&#8221; _builder_version=&#8221;4.17.4&#8243; _module_preset=&#8221;default&#8221; global_colors_info=&#8221;{}&#8221;][\/et_pb_blurb][\/et_pb_column][\/et_pb_row][et_pb_row column_structure=&#8221;1_3,1_3,1_3&#8243; _builder_version=&#8221;4.17.4&#8243; _module_preset=&#8221;default&#8221; global_colors_info=&#8221;{}&#8221;][et_pb_column type=&#8221;1_3&#8243; _builder_version=&#8221;4.17.4&#8243; _module_preset=&#8221;default&#8221; global_colors_info=&#8221;{}&#8221;][et_pb_blurb title=&#8221;Carma com o outro&#8221; use_icon=&#8221;on&#8221; font_icon=&#8221;&#x5a;||divi||400&#8243; icon_color=&#8221;#147728&#8243; icon_placement=&#8221;left&#8221; _builder_version=&#8221;4.17.4&#8243; _module_preset=&#8221;default&#8221; global_colors_info=&#8221;{}&#8221;][\/et_pb_blurb][\/et_pb_column][et_pb_column type=&#8221;1_3&#8243; _builder_version=&#8221;4.17.4&#8243; _module_preset=&#8221;default&#8221; global_colors_info=&#8221;{}&#8221;][et_pb_blurb title=&#8221;Carma com padr\u00f5es de repeti\u00e7\u00e3o&#8221; use_icon=&#8221;on&#8221; font_icon=&#8221;&#x5a;||divi||400&#8243; icon_color=&#8221;#147728&#8243; icon_placement=&#8221;left&#8221; _builder_version=&#8221;4.17.4&#8243; _module_preset=&#8221;default&#8221; global_colors_info=&#8221;{}&#8221;][\/et_pb_blurb][\/et_pb_column][et_pb_column type=&#8221;1_3&#8243; _builder_version=&#8221;4.17.4&#8243; _module_preset=&#8221;default&#8221; global_colors_info=&#8221;{}&#8221;][et_pb_blurb title=&#8221;Carma coletivo&#8221; use_icon=&#8221;on&#8221; font_icon=&#8221;&#x5a;||divi||400&#8243; icon_color=&#8221;#147728&#8243; icon_placement=&#8221;left&#8221; _builder_version=&#8221;4.17.4&#8243; _module_preset=&#8221;default&#8221; global_colors_info=&#8221;{}&#8221;][\/et_pb_blurb][\/et_pb_column][\/et_pb_row][et_pb_row column_structure=&#8221;1_3,1_3,1_3&#8243; _builder_version=&#8221;4.17.4&#8243; _module_preset=&#8221;default&#8221; global_colors_info=&#8221;{}&#8221;][et_pb_column type=&#8221;1_3&#8243; _builder_version=&#8221;4.17.4&#8243; _module_preset=&#8221;default&#8221; global_colors_info=&#8221;{}&#8221;][et_pb_blurb title=&#8221;Carma com objetos&#8221; use_icon=&#8221;on&#8221; font_icon=&#8221;&#x5a;||divi||400&#8243; icon_color=&#8221;#147728&#8243; icon_placement=&#8221;left&#8221; _builder_version=&#8221;4.17.4&#8243; _module_preset=&#8221;default&#8221; global_colors_info=&#8221;{}&#8221;][\/et_pb_blurb][\/et_pb_column][et_pb_column type=&#8221;1_3&#8243; _builder_version=&#8221;4.17.4&#8243; _module_preset=&#8221;default&#8221; global_colors_info=&#8221;{}&#8221;][et_pb_blurb title=&#8221;Carma com dinheiro&#8221; use_icon=&#8221;on&#8221; font_icon=&#8221;&#x5a;||divi||400&#8243; icon_color=&#8221;#147728&#8243; icon_placement=&#8221;left&#8221; _builder_version=&#8221;4.17.4&#8243; _module_preset=&#8221;default&#8221; global_colors_info=&#8221;{}&#8221;][\/et_pb_blurb][\/et_pb_column][et_pb_column type=&#8221;1_3&#8243; _builder_version=&#8221;4.17.4&#8243; _module_preset=&#8221;default&#8221; global_colors_info=&#8221;{}&#8221;][et_pb_blurb title=&#8221;Carma com ancestrais&#8221; use_icon=&#8221;on&#8221; font_icon=&#8221;&#x5a;||divi||400&#8243; icon_color=&#8221;#147728&#8243; icon_placement=&#8221;left&#8221; _builder_version=&#8221;4.17.4&#8243; _module_preset=&#8221;default&#8221; global_colors_info=&#8221;{}&#8221;][\/et_pb_blurb][\/et_pb_column][\/et_pb_row][et_pb_row column_structure=&#8221;1_3,1_3,1_3&#8243; _builder_version=&#8221;4.17.4&#8243; _module_preset=&#8221;default&#8221; global_colors_info=&#8221;{}&#8221;][et_pb_column type=&#8221;1_3&#8243; _builder_version=&#8221;4.17.4&#8243; _module_preset=&#8221;default&#8221; global_colors_info=&#8221;{}&#8221;][et_pb_blurb title=&#8221;T\u00e9cnicas de atendimento&#8221; use_icon=&#8221;on&#8221; font_icon=&#8221;&#x5a;||divi||400&#8243; icon_color=&#8221;#147728&#8243; icon_placement=&#8221;left&#8221; _builder_version=&#8221;4.17.4&#8243; _module_preset=&#8221;default&#8221; global_colors_info=&#8221;{}&#8221;][\/et_pb_blurb][\/et_pb_column][et_pb_column type=&#8221;1_3&#8243; _builder_version=&#8221;4.17.4&#8243; _module_preset=&#8221;default&#8221; global_colors_info=&#8221;{}&#8221;][et_pb_blurb title=&#8221;\u00c9tica e regras&#8221; use_icon=&#8221;on&#8221; font_icon=&#8221;&#x5a;||divi||400&#8243; icon_color=&#8221;#147728&#8243; icon_placement=&#8221;left&#8221; _builder_version=&#8221;4.17.4&#8243; _module_preset=&#8221;default&#8221; global_colors_info=&#8221;{}&#8221;][\/et_pb_blurb][\/et_pb_column][et_pb_column type=&#8221;1_3&#8243; _builder_version=&#8221;4.17.4&#8243; _module_preset=&#8221;default&#8221; global_colors_info=&#8221;{}&#8221;][et_pb_blurb title=&#8221;Ritual no atendimento&#8221; use_icon=&#8221;on&#8221; font_icon=&#8221;&#x5a;||divi||400&#8243; icon_color=&#8221;#147728&#8243; icon_placement=&#8221;left&#8221; _builder_version=&#8221;4.17.4&#8243; _module_preset=&#8221;default&#8221; global_colors_info=&#8221;{}&#8221;][\/et_pb_blurb][\/et_pb_column][\/et_pb_row][\/et_pb_section][et_pb_section fb_built=&#8221;1&#8243; module_id=&#8221;cursos&#8221; _builder_version=&#8221;4.17.4&#8243; _module_preset=&#8221;default&#8221; background_color=&#8221;rgba(237,240,0,0.36)&#8221; custom_padding=&#8221;16px||16px|||&#8221; link_option_url=&#8221;#cursos&#8221; global_colors_info=&#8221;{}&#8221;][et_pb_row _builder_version=&#8221;4.17.4&#8243; _module_preset=&#8221;default&#8221; custom_padding=&#8221;12px|||||&#8221; global_colors_info=&#8221;{}&#8221;][et_pb_column type=&#8221;4_4&#8243; _builder_version=&#8221;4.17.4&#8243; _module_preset=&#8221;default&#8221; global_colors_info=&#8221;{}&#8221;][et_pb_text _builder_version=&#8221;4.17.4&#8243; _module_preset=&#8221;default&#8221; header_font_size=&#8221;27px&#8221; hover_enabled=&#8221;0&#8243; global_colors_info=&#8221;{}&#8221; sticky_enabled=&#8221;0&#8243;]<\/p>\n<h3 style=\"text-align: center;\">Se inscreva por apenas <strong>12x R$ 49,60<\/strong>\u00a0no cart\u00e3o<\/h3>\n<p>[\/et_pb_text][et_pb_button button_url=&#8221;https:\/\/pay.hotmart.com\/D71538941X?off=c6vonkby&#8221; url_new_window=&#8221;on&#8221; button_text=&#8221;Quero me inscrever agora&#8221; button_alignment=&#8221;center&#8221; _builder_version=&#8221;4.17.4&#8243; _module_preset=&#8221;default&#8221; custom_button=&#8221;on&#8221; button_text_size=&#8221;28px&#8221; button_text_color=&#8221;#FFFFFF&#8221; button_bg_color=&#8221;#E09900&#8243; button_border_radius=&#8221;20px&#8221; button_font=&#8221;|800|||||||&#8221; button_icon=&#8221;&#x45;||divi||400&#8243; hover_enabled=&#8221;0&#8243; button_text_size_tablet=&#8221;28px&#8221; button_text_size_phone=&#8221;20px&#8221; button_text_size_last_edited=&#8221;on|desktop&#8221; global_colors_info=&#8221;{}&#8221; sticky_enabled=&#8221;0&#8243;][\/et_pb_button][\/et_pb_column][\/et_pb_row][\/et_pb_section][et_pb_section fb_built=&#8221;1&#8243; _builder_version=&#8221;4.17.4&#8243; _module_preset=&#8221;default&#8221; background_color=&#8221;#000000&#8243; custom_padding=&#8221;7px||7px|||&#8221; global_colors_info=&#8221;{}&#8221;][et_pb_row column_structure=&#8221;1_3,2_3&#8243; _builder_version=&#8221;4.17.4&#8243; _module_preset=&#8221;default&#8221; custom_padding=&#8221;14px||3px|||&#8221; global_colors_info=&#8221;{}&#8221;][et_pb_column type=&#8221;1_3&#8243; _builder_version=&#8221;4.17.4&#8243; _module_preset=&#8221;default&#8221; global_colors_info=&#8221;{}&#8221;][et_pb_image src=&#8221;https:\/\/xamaannaxara.com.br\/curso\/wp-content\/uploads\/2022\/07\/Design-sem-nome-1.png&#8221; title_text=&#8221;Design sem nome (1)&#8221; align=&#8221;center&#8221; _builder_version=&#8221;4.17.4&#8243; _module_preset=&#8221;default&#8221; width=&#8221;70%&#8221; width_tablet=&#8221;70%&#8221; width_phone=&#8221;45%&#8221; width_last_edited=&#8221;on|desktop&#8221; global_colors_info=&#8221;{}&#8221;][\/et_pb_image][\/et_pb_column][et_pb_column type=&#8221;2_3&#8243; _builder_version=&#8221;4.17.4&#8243; _module_preset=&#8221;default&#8221; global_colors_info=&#8221;{}&#8221;][et_pb_text _builder_version=&#8221;4.17.4&#8243; _module_preset=&#8221;default&#8221; global_colors_info=&#8221;{}&#8221;]<\/p>\n<h1 style=\"text-align: center;\"><strong><span style=\"color: #ffffff;\">GARANTIA DE 7 DIAS<\/span><\/strong><\/h1>\n<p>[\/et_pb_text][et_pb_text _builder_version=&#8221;4.17.4&#8243; _module_preset=&#8221;default&#8221; global_colors_info=&#8221;{}&#8221;]<\/p>\n<h4 style=\"text-align: justify;\"><span style=\"color: #ffffff;\">Ap\u00f3s a compra, consuma o conte\u00fado a vontade e ao longo dos pr\u00f3ximos 7 dias, caso queira desistir por qualquer motivo, pe\u00e7a reembolso que devolveremos todo seu dinheiro. Basta um \u00fanico e-mail e pronto, sem nenhuma burocracia.<\/span><\/h4>\n<p>[\/et_pb_text][\/et_pb_column][\/et_pb_row][\/et_pb_section][et_pb_section fb_built=&#8221;1&#8243; _builder_version=&#8221;4.17.4&#8243; _module_preset=&#8221;default&#8221; background_color=&#8221;#d8dfe9&#8243; custom_padding=&#8221;19px||6px|||&#8221; global_colors_info=&#8221;{}&#8221;][et_pb_row column_structure=&#8221;1_2,1_2&#8243; _builder_version=&#8221;4.17.3&#8243; _module_preset=&#8221;default&#8221; custom_padding=&#8221;12px|||||&#8221; global_colors_info=&#8221;{}&#8221;][et_pb_column type=&#8221;1_2&#8243; _builder_version=&#8221;4.17.3&#8243; _module_preset=&#8221;default&#8221; global_colors_info=&#8221;{}&#8221;][et_pb_text _builder_version=&#8221;4.17.4&#8243; _module_preset=&#8221;default&#8221; custom_margin=&#8221;||3px|||&#8221; global_colors_info=&#8221;{}&#8221;]<\/p>\n<h2><span style=\"color: #003300;\"><strong>Xam\u00e3 Anna Xara<\/strong><\/span><\/h2>\n<p>[\/et_pb_text][et_pb_text _builder_version=&#8221;4.17.3&#8243; _module_preset=&#8221;default&#8221; global_colors_info=&#8221;{}&#8221;]<\/p>\n<p style=\"text-align: justify;\"><span style=\"color: #383838;\">Com descend\u00eancia de portugueses, Xam\u00e3 Anna Xara carrega em esp\u00edrito e sangue a hereditariedade da tradi\u00e7\u00e3o ind\u00edgena pois descende diretamente dos Sater\u00e9 Maw\u00e9, tribo genuinamente brasileira. Sua av\u00f3, uma \u201cbenzedeira\u201d (como s\u00e3o chamados os pioneiros na arte da cura), foi a respons\u00e1vel por lhe ensinar atrav\u00e9s da pr\u00e1tica e da oralidade todos os ensinamentos e ritos da tradi\u00e7\u00e3o. Sua saga teve in\u00edcio ainda na inf\u00e2ncia quando aos cinco anos passou a acompanhar sua av\u00f3 em benzimentos junto aos \u00edndios nativos.<\/span><\/p>\n<p style=\"text-align: justify;\"><span style=\"color: #383838;\">Em sua jornada espiritual visitou diversos lugares sagrados e centros de cura planet\u00e1ria espalhados pelo planeta, mas foi em uma viagem pela \u00cdndia que tudo mudou. L\u00e1, ap\u00f3s mergulhar no rio Ganges, recebeu um de seus maiores e significativos chamados:\u00a0<em><strong>Dedicar-se \u00e0 cura do pr\u00f3ximo.<\/strong><\/em><\/span><\/p>\n<p>[\/et_pb_text][\/et_pb_column][et_pb_column type=&#8221;1_2&#8243; _builder_version=&#8221;4.17.3&#8243; _module_preset=&#8221;default&#8221; global_colors_info=&#8221;{}&#8221;][et_pb_image src=&#8221;https:\/\/xamaannaxara.com.br\/curso\/wp-content\/uploads\/2022\/07\/104330520_987222535079289_3697842195024227568_n.jpg&#8221; title_text=&#8221;104330520_987222535079289_3697842195024227568_n&#8221; align=&#8221;center&#8221; _builder_version=&#8221;4.17.4&#8243; _module_preset=&#8221;default&#8221; width=&#8221;63%&#8221; border_radii=&#8221;on|14px|14px|14px|14px&#8221; box_shadow_style=&#8221;preset2&#8243; box_shadow_horizontal=&#8221;19px&#8221; box_shadow_spread=&#8221;2px&#8221; box_shadow_color=&#8221;rgba(0,0,0,0.54)&#8221; global_colors_info=&#8221;{}&#8221;][\/et_pb_image][\/et_pb_column][\/et_pb_row][\/et_pb_section]<\/p>\n","protected":false},"excerpt":{"rendered":"<p>Curso Forma\u00e7\u00e3o em Transmuta\u00e7\u00e3o do CarmaM\u00e9todo da Xam\u00e3 e Paj\u00e9 Anna XaraCarma \u00e9 a lei de causa e efeito. Tudo aquilo que voc\u00ea faz, sente ou pensa voc\u00ea atrai para voc\u00ea mesmo. Aquilo que realizamos como obra no mundo retorna para n\u00f3s como destino, criando acontecimentos e o cen\u00e1rio de nossa vida futura. O Curso [&hellip;]<\/p>\n","protected":false},"author":1,"featured_media":0,"parent":0,"menu_order":0,"comment_status":"closed","ping_status":"closed","template":"","meta":{"_et_pb_use_builder":"on","_et_pb_old_content":"","_et_gb_content_width":""},"_links":{"self":[{"href":"https:\/\/xamaannaxara.com.br\/curso\/wp-json\/wp\/v2\/pages\/41"}],"collection":[{"href":"https:\/\/xamaannaxara.com.br\/curso\/wp-json\/wp\/v2\/pages"}],"about":[{"href":"https:\/\/xamaannaxara.com.br\/curso\/wp-json\/wp\/v2\/types\/page"}],"author":[{"embeddable":true,"href":"https:\/\/xamaannaxara.com.br\/curso\/wp-json\/wp\/v2\/users\/1"}],"replies":[{"embeddable":true,"href":"https:\/\/xamaannaxara.com.br\/curso\/wp-json\/wp\/v2\/comments?post=41"}],"version-history":[{"count":14,"href":"https:\/\/xamaannaxara.com.br\/curso\/wp-json\/wp\/v2\/pages\/41\/revisions"}],"predecessor-version":[{"id":79,"href":"https:\/\/xamaannaxara.com.br\/curso\/wp-json\/wp\/v2\/pages\/41\/revisions\/79"}],"wp:attachment":[{"href":"https:\/\/xamaannaxara.com.br\/curso\/wp-json\/wp\/v2\/media?parent=41"}],"curies":[{"name":"wp","href":"https:\/\/api.w.org\/{rel}","templated":true}]}}